{"id":164,"date":"2021-09-19T11:36:52","date_gmt":"2021-09-19T09:36:52","guid":{"rendered":"http:\/\/lefabuleuxvoyage.fr\/?page_id=164"},"modified":"2021-09-21T13:53:26","modified_gmt":"2021-09-21T11:53:26","slug":"cartographies","status":"publish","type":"page","link":"https:\/\/lefabuleuxvoyage.fr\/index.php\/cartographies\/","title":{"rendered":"Cartographies"},"content":{"rendered":"<figure class='gallery-item'>\n\t\t\t\t<a data-elementor-open-lightbox=\"yes\" data-elementor-lightbox-slideshow=\"e19ca48\" data-elementor-lightbox-title=\"carte voyage_modifi\u00e9-1\" href='http:\/\/lefabuleuxvoyage.fr\/wp-content\/uploads\/2021\/09\/carte-voyage_modifie-1-scaled.jpg'><img decoding=\"async\" width=\"1810\" height=\"2560\" src=\"http:\/\/lefabuleuxvoyage.fr\/wp-content\/uploads\/2021\/09\/carte-voyage_modifie-1-scaled.jpg\" alt=\"\" loading=\"lazy\" srcset=\"http:\/\/lefabuleuxvoyage.fr\/wp-content\/uploads\/2021\/09\/carte-voyage_modifie-1-scaled.jpg 1810w, http:\/\/lefabuleuxvoyage.fr\/wp-content\/uploads\/2021\/09\/carte-voyage_modifie-1-212x300.jpg 212w, http:\/\/lefabuleuxvoyage.fr\/wp-content\/uploads\/2021\/09\/carte-voyage_modifie-1-724x1024.jpg 724w, http:\/\/lefabuleuxvoyage.fr\/wp-content\/uploads\/2021\/09\/carte-voyage_modifie-1-768x1086.jpg 768w, http:\/\/lefabuleuxvoyage.fr\/wp-content\/uploads\/2021\/09\/carte-voyage_modifie-1-1086x1536.jpg 1086w, http:\/\/lefabuleuxvoyage.fr\/wp-content\/uploads\/2021\/09\/carte-voyage_modifie-1-1448x2048.jpg 1448w, http:\/\/lefabuleuxvoyage.fr\/wp-content\/uploads\/2021\/09\/carte-voyage_modifie-1-1568x2218.jpg 1568w\" sizes=\"auto, 100vw\" \/><\/a><br \/>\n\t\t\t<\/figure>\n<figure class='gallery-item'>\n\t\t\t\t<a data-elementor-open-lightbox=\"yes\" data-elementor-lightbox-slideshow=\"e19ca48\" data-elementor-lightbox-title=\"carte voies navigables\" href='http:\/\/lefabuleuxvoyage.fr\/wp-content\/uploads\/2021\/09\/carte-voies-navigables.jpeg'><img decoding=\"async\" width=\"253\" height=\"240\" src=\"http:\/\/lefabuleuxvoyage.fr\/wp-content\/uploads\/2021\/09\/carte-voies-navigables.jpeg\" alt=\"\" loading=\"lazy\" sizes=\"auto, 100vw\" \/><\/a><br \/>\n\t\t\t<\/figure>\n<figure class='gallery-item'>\n\t\t\t\t<a data-elementor-open-lightbox=\"yes\" data-elementor-lightbox-slideshow=\"e19ca48\" data-elementor-lightbox-title=\"Carte-voyage-M-150x150\" href='http:\/\/lefabuleuxvoyage.fr\/wp-content\/uploads\/2021\/09\/Carte-voyage-M-150x150-1.jpg'><img decoding=\"async\" width=\"150\" height=\"150\" src=\"http:\/\/lefabuleuxvoyage.fr\/wp-content\/uploads\/2021\/09\/Carte-voyage-M-150x150-1.jpg\" alt=\"\" loading=\"lazy\" sizes=\"auto, 100vw\" \/><\/a><br \/>\n\t\t\t<\/figure>\n<figure class='gallery-item'>\n\t\t\t\t<a data-elementor-open-lightbox=\"yes\" data-elementor-lightbox-slideshow=\"767564a\" data-elementor-lightbox-title=\"1920px-Pp16-17_de_Thul\u00e9,_le_soleil_retrouv\u00e9_des_Hyperbor\u00e9ens,_de_Jean_Mabire\" href='http:\/\/lefabuleuxvoyage.fr\/wp-content\/uploads\/2021\/09\/1920px-Pp16-17_de_22Thule_le_soleil_retrouve_des_Hyperboreens22_de_Jean_Mabire-scaled.jpg'><img decoding=\"async\" width=\"150\" height=\"150\" src=\"http:\/\/lefabuleuxvoyage.fr\/wp-content\/uploads\/2021\/09\/1920px-Pp16-17_de_22Thule_le_soleil_retrouve_des_Hyperboreens22_de_Jean_Mabire-150x150.jpg\" alt=\"\" loading=\"lazy\" sizes=\"auto, 100vw\" \/><\/a><br \/>\n\t\t\t<\/figure>\n<figure class='gallery-item'>\n\t\t\t\t<a data-elementor-open-lightbox=\"yes\" data-elementor-lightbox-slideshow=\"767564a\" data-elementor-lightbox-title=\"images\" href='http:\/\/lefabuleuxvoyage.fr\/wp-content\/uploads\/2021\/09\/images.jpeg'><img decoding=\"async\" width=\"150\" height=\"150\" src=\"http:\/\/lefabuleuxvoyage.fr\/wp-content\/uploads\/2021\/09\/images-150x150.jpeg\" alt=\"\" loading=\"lazy\" sizes=\"auto, 100vw\" \/><\/a><br \/>\n\t\t\t<\/figure>\n<figure class='gallery-item'>\n\t\t\t\t<a data-elementor-open-lightbox=\"yes\" data-elementor-lightbox-slideshow=\"767564a\" data-elementor-lightbox-title=\"481641\" href='http:\/\/lefabuleuxvoyage.fr\/wp-content\/uploads\/2021\/09\/481641.jpg'><img decoding=\"async\" width=\"150\" height=\"150\" src=\"http:\/\/lefabuleuxvoyage.fr\/wp-content\/uploads\/2021\/09\/481641-150x150.jpg\" alt=\"\" loading=\"lazy\" sizes=\"auto, 100vw\" \/><\/a><br \/>\n\t\t\t<\/figure>\n<figure class='gallery-item'>\n\t\t\t\t<a data-elementor-open-lightbox=\"yes\" data-elementor-lightbox-slideshow=\"767564a\" data-elementor-lightbox-title=\"480020\" href='http:\/\/lefabuleuxvoyage.fr\/wp-content\/uploads\/2021\/09\/480020.jpeg'><img decoding=\"async\" width=\"150\" height=\"150\" src=\"http:\/\/lefabuleuxvoyage.fr\/wp-content\/uploads\/2021\/09\/480020-150x150.jpeg\" alt=\"\" loading=\"lazy\" sizes=\"auto, 100vw\" \/><\/a><br \/>\n\t\t\t<\/figure>\n<figure class='gallery-item'>\n\t\t\t\t<a data-elementor-open-lightbox=\"yes\" data-elementor-lightbox-slideshow=\"767564a\" data-elementor-lightbox-title=\"img accueil ok\" href='http:\/\/lefabuleuxvoyage.fr\/wp-content\/uploads\/2021\/09\/img-accueil-ok-scaled.jpg'><img decoding=\"async\" width=\"150\" height=\"150\" src=\"http:\/\/lefabuleuxvoyage.fr\/wp-content\/uploads\/2021\/09\/img-accueil-ok-150x150.jpg\" alt=\"\" loading=\"lazy\" sizes=\"auto, 100vw\" \/><\/a><br \/>\n\t\t\t<\/figure>\n","protected":false},"excerpt":{"rendered":"","protected":false},"author":1,"featured_media":0,"parent":0,"menu_order":0,"comment_status":"closed","ping_status":"closed","template":"","meta":{"footnotes":""},"class_list":["post-164","page","type-page","status-publish","hentry"],"_links":{"self":[{"href":"https:\/\/lefabuleuxvoyage.fr\/index.php\/wp-json\/wp\/v2\/pages\/164","targetHints":{"allow":["GET"]}}],"collection":[{"href":"https:\/\/lefabuleuxvoyage.fr\/index.php\/wp-json\/wp\/v2\/pages"}],"about":[{"href":"https:\/\/lefabuleuxvoyage.fr\/index.php\/wp-json\/wp\/v2\/types\/page"}],"author":[{"embeddable":true,"href":"https:\/\/lefabuleuxvoyage.fr\/index.php\/wp-json\/wp\/v2\/users\/1"}],"replies":[{"embeddable":true,"href":"https:\/\/lefabuleuxvoyage.fr\/index.php\/wp-json\/wp\/v2\/comments?post=164"}],"version-history":[{"count":7,"href":"https:\/\/lefabuleuxvoyage.fr\/index.php\/wp-json\/wp\/v2\/pages\/164\/revisions"}],"predecessor-version":[{"id":352,"href":"https:\/\/lefabuleuxvoyage.fr\/index.php\/wp-json\/wp\/v2\/pages\/164\/revisions\/352"}],"wp:attachment":[{"href":"https:\/\/lefabuleuxvoyage.fr\/index.php\/wp-json\/wp\/v2\/media?parent=164"}],"curies":[{"name":"wp","href":"https:\/\/api.w.org\/{rel}","templated":true}]}}