{"id":207,"date":"2021-09-19T12:35:27","date_gmt":"2021-09-19T10:35:27","guid":{"rendered":"http:\/\/lefabuleuxvoyage.fr\/?page_id=207"},"modified":"2021-11-04T20:22:33","modified_gmt":"2021-11-04T19:22:33","slug":"accueil","status":"publish","type":"page","link":"https:\/\/lefabuleuxvoyage.fr\/index.php\/accueil\/","title":{"rendered":"Accueil"},"content":{"rendered":"<p><strong>UN \u00a0 \u00a0 \u00a0 \u00a0ESSAI \u00a0 \u00a0 \u00a0 \u00a0 D &lsquo; \u00a0 INTERPRETATION<\/strong><\/p>\n<p><strong>ARGUMENT: \u00a0 \u00a0LE \u00a0 \u00a0D\u00c9SIR \u00a0 D&rsquo;UN \u00a0 \u00a0MAMMOUTH \u00a0 DE \u00a0 \u00a0REJOINDRE \u00a0 UN \u00a0 PINGOUIN \u00a0ET<br \/>\nET GAGNER LE CERCLE POLAIRE<\/strong><\/p>\n<p><strong>Si seulement je savais le pourquoi du voyage, ce que je cherche&#8230;<\/strong><\/p>\n<p><strong>V<\/strong>oir o\u00f9 cela nous m\u00e8ne.<br \/>\nC&rsquo;\u00e9tait un projet charmant, dr\u00f4le, vif, app\u00e9tissant.<\/p>\n<p><strong>L<\/strong>&lsquo;objet pr\u00e9sent\u00e9 est ici \u00e0 Marseille l&rsquo;un des acc\u00e8s possibles \u00e0 la ville. On distingue dans cette vue a\u00e9rienne le Mucem et \u00e0 cot\u00e9, la Villa m\u00e9diterran\u00e9e qui doit devenir un centre d&rsquo;interpr\u00e9tation de la grotte Cosquer.<\/p>\n<p>C&rsquo;est\u00a0l\u00e0, \u00a0dans cette pr\u00e9cipitation du triangle ouvert par la digue\u00a0que nous devons accoster en juin 2022 et que doivent se rejoindre le mammouth de Pech merle et le Pingouin de Cosquer.<\/p>\n<p><a href=\"http:\/\/lefabuleuxvoyage.fr\/wp-content\/uploads\/2021\/09\/Capture-decran-2021-01-16-a-10.19.59.png\" data-elementor-open-lightbox=\"yes\" data-elementor-lightbox-title=\"Capture d\u2019\u00e9cran 2021-01-16 \u00e0 10.19.59\"><br \/>\n<img loading=\"lazy\" decoding=\"async\" src=\"http:\/\/lefabuleuxvoyage.fr\/wp-content\/uploads\/2021\/09\/Capture-decran-2021-01-16-a-10.19.59-869x1024.png\" sizes=\"auto, 100vw\" srcset=\"http:\/\/lefabuleuxvoyage.fr\/wp-content\/uploads\/2021\/09\/Capture-decran-2021-01-16-a-10.19.59-869x1024.png 869w, http:\/\/lefabuleuxvoyage.fr\/wp-content\/uploads\/2021\/09\/Capture-decran-2021-01-16-a-10.19.59-255x300.png 255w, http:\/\/lefabuleuxvoyage.fr\/wp-content\/uploads\/2021\/09\/Capture-decran-2021-01-16-a-10.19.59-768x905.png 768w, http:\/\/lefabuleuxvoyage.fr\/wp-content\/uploads\/2021\/09\/Capture-decran-2021-01-16-a-10.19.59-1304x1536.png 1304w, http:\/\/lefabuleuxvoyage.fr\/wp-content\/uploads\/2021\/09\/Capture-decran-2021-01-16-a-10.19.59-1739x2048.png 1739w, http:\/\/lefabuleuxvoyage.fr\/wp-content\/uploads\/2021\/09\/Capture-decran-2021-01-16-a-10.19.59-1568x1847.png 1568w\" alt=\"\" width=\"525\" height=\"619\" \/> <\/a><\/p>\n<p><strong>O<\/strong>n m&rsquo;a souvent demand\u00e9 voire requis afin de d\u00e9finir ce qu&rsquo;\u00e9tait Le Fabuleux voyage. Plus je progressai dans ces \u00e9tranges galeries \u00a0que sont les mondes de la d\u00e9finition o\u00f9 tant d&rsquo;expositions de mondes disparus ont encore cours,\u00a0plus j&rsquo;en vins \u00e0 avouer mes progr\u00e8s dans l&rsquo;ignorance.<\/p>\n<p>De\u00a0cela au moins j&rsquo;\u00e9tais s\u00fbr.<\/p>\n<p>Notre devise n&rsquo;\u00e9tait-elle pas: <em>\u00a0\u00bb I would prefer not to \u00a0\u00bb ?<\/em><\/p>\n<p>L&rsquo;ignorance est une capacit\u00e9 pr\u00e9cieuse du savoir. Comme tout voyageur d&rsquo;aujourd&rsquo;hui, accroch\u00e9 \u00e0 l&rsquo;angle des textes et des images, \u00a0je ne fais que traverser.<\/p>\n<p>Ou l&rsquo;\u00eatre. Par ces m\u00eames flux.<\/p>\n<p>Nous sommes au seuil des images, muets. Il y a ici un pingouin, un mammouth. Des espaces que je qualifierais de momentan\u00e9s, entre une vall\u00e9e et la mer.<\/p>\n<p>Cela pourrait \u00eatre un embarras, une difficult\u00e9 suppl\u00e9mentaire. Nous pourrions \u00a0les faire parler, dissimulant ainsi qui parle dans la\u00a0mise en tension, l&rsquo;\u00e9branlement des images.<\/p>\n<p>Mais nous sommes coinc\u00e9s. \u00a0Nous ne pouvons qu&rsquo;\u00eatre actuels: c&rsquo;est l\u00e0 que tout se joue, toutes les rem\u00e9morations \u00e0 partir d&rsquo;indices et de traces, de projections.<\/p>\n<p>C&rsquo;est vraisemblable.<\/p>\n<p>S&rsquo;exprime ici \u00a0l&rsquo;hypoth\u00e8se d&rsquo;une interpr\u00e9tation qui ne pr\u00e9tend ni se suffire, ni se substituer mais se qualifie d&rsquo;expression singuli\u00e8re \u00a0dans des milliards d&rsquo;\u00e9conomies temps-espace possibles.<\/p>\n<p>En r\u00e9sum\u00e9, un d\u00e9sir chiffr\u00e9 dans son rapport au temps et \u00e0 l&rsquo;espace.<\/p>\n<p><strong>T<\/strong>out le monde, de l&rsquo;anonyme au savant \u00a0d\u00e9veloppe aujourd&rsquo;hui un bestiaire suspendu entre le texte et l&rsquo;image \u00a0sur un motif d&rsquo;extinction.<\/p>\n<p>Ces m\u00e9taphores vives, houleuses, port\u00e9es par les m\u00e9dias sur des objets qui s&rsquo;\u00e9loignent de nous de plus en plus s\u00fbrement \u00a0attisent l&rsquo;inqui\u00e9tude. Nous nous d\u00e9couvrons mortels dans l&rsquo;irisation digitale.<\/p>\n<p>Grignot\u00e9s par le monstre nous cherchons refuge. L\u00e0 encore, le c\u00e2ble a remplac\u00e9 la soie. Pourtant, comme le d\u00e9montrent les \u00e9tudes en laboratoire, le fil des araign\u00e9es est plus solide et poss\u00e8de un secret : la vibration transmise.<\/p>\n<p>Nous qui sommes aujourd&rsquo;hui soumis \u00e0 un r\u00e9gime d&rsquo;alerte permanent devrions apprendre de l&rsquo;al\u00e9a tectonique, assemblage de guets immobiles, de patience non plus \u00a0l&rsquo;azur mais la mire. Beaucoup croassent au bord des mares quand nous ne voulons que divertir, m\u00fbrir nos humus distants de celles et ceux qui enflent leurs gosiers, si aptes \u00e0 la r\u00e9gurgitation, empil\u00e9s les uns au dessus ou dessous dans un co\u00eft d\u00e9sempar\u00e9 de circonstance.<\/p>\n<p><strong>L<\/strong>es animaux&#8230; Pourquoi eux ? \u00a0Vraisemblablement des vers de Rilke, un po\u00e8me de Michaux.<\/p>\n<p>De ce guide \u00e9l\u00e9giaque , je ne saurais dire plus. Par la suite, seul le hasard d&rsquo;une rencontre avec Pech merle (Lot) a voulu que je croise le chemin d&rsquo;un mammouth, les humanit\u00e9s assembl\u00e9es, puis d&rsquo;un pingouin, enfin que j&rsquo;imagine qu&rsquo;ils puissent,\u00a0extraits des grottes\u00a0lier leurs histoires, croiser des membres d&rsquo;une autre esp\u00e8ce cruelle et amoureuse. Disons Sapiens.<\/p>\n<p>Le but se r\u00e9sume \u00e0 cela: prendre la mesure de l&rsquo;amplitude d&rsquo;une vibration. et voir o\u00f9 elle m\u00e8ne. Ce faisant nous ne faisons que porter \u00e0 un point d&rsquo;incandescence le pari de l&rsquo;Autre.<\/p>\n<p>D\u00e8s lors, Le fabuleux voyage a dessin\u00e9 \u00a0ses appuis sur un Canal vers le midi reliant deux mers.<\/p>\n<p>C&rsquo;est aujourd&rsquo;hui un projet d&rsquo;atlas , peut-\u00eatre moderne, mis en r\u00e9seau sur deux onglets pr\u00e9historiques, des p\u00e9ninsules dont la spatialit\u00e9 m&rsquo;\u00e9chappe encore.<\/p>\n<p>Un projet m\u00e9canique, hydraulique qui mobilise autant de cartes que n\u00e9cessaire, o\u00f9 , chaque soir \u00a0la consigne des \u00a0relev\u00e9s des topos isoc\u00e8les et scal\u00e8nes \u00e9claire l&rsquo;aube.\u00a0LFV\/\/ est donc un chantier ouvert, une bataille \u00a0comme on disait au XX\u00b0si\u00e8cle, une lutte. D&rsquo;abord contre la suffisance et l&rsquo;esprit de s\u00e9rieux\u00a0qui\u00a0pr\u00e9tendaient\u00a0nous \u00e9lever en nous confisquant\u00a0la joie, le plaisir, l&rsquo;incertitude, toutes les qualit\u00e9s du savoir.<\/p>\n<p>Ensuite contre nous-m\u00eames qui parfois c\u00e9dions, sans\u00a0r\u00e9sistance , \u00e9puis\u00e9s.<\/p>\n<p><strong>N<\/strong>ous avons donc install\u00e9 dans le d\u00e9sarroi d&rsquo;un angle\u00a0de la Villa M\u00e9diterran\u00e9e\u00a0face \u00e0 la mer\u00a0l&rsquo;\u00e9cho racine et improbable des grands pingouins d\u00e9cim\u00e9s\u00a0 &#8211;\u00a0Pinguinus Impennis.<\/p>\n<p>A rebours des vagues la fragilit\u00e9 des lames nous a conduit au p\u00f4le. Tel est notre destin: l&rsquo;armure des courbes, des degr\u00e9s, un appel, circulaire, une rondeur, sillonn\u00e9e d&rsquo;aimants orient\u00e9s plein nord dont l&rsquo;aiguille tremblotante, visc\u00e9rale \u00e9lectrisait nos consciences:\u00a0comment nommer? comment dire? comment se souvenir?<\/p>\n<p>C&rsquo;\u00e9tait pour rire, parfois m\u00eame pour oublier. Ce n&rsquo;est que bien plus tard que nous avons mesur\u00e9 la gravit\u00e9 du geste.<\/p>\n<p>Pour l&rsquo;essentiel, notre aventure est donc par nature incompl\u00e8te, purement lexicale \u00a0si on veut. Il n&#8217;emp\u00eache, la main est d\u00e9sign\u00e9e et aussi le touch\u00e9.<\/p>\n<p>Guettant de la pirogue les r\u00e9cifs, nous \u00e9tions attentifs, tandis que sur les rives, des silhouettes \u00a0emport\u00e9es par les arbres coup\u00e9s \u00a0nous rappelaient qu&rsquo;au pays\u00a0Dogon, \u00e9toffe et parole s&rsquo;apparentent dans la\u00a0trame du \u00a0seul\u00a0phon\u00e8me\u00a0Soy.<\/p>\n<p>Si proches de\u00a0la\u00a0soie, nous faisions route.<\/p>\n<p><strong>Eric Manhes-Malmon<\/strong><br \/>\n<strong>Journal de Bord. Octobre 2021<\/strong><\/p>\n","protected":false},"excerpt":{"rendered":"<p>UN \u00a0 \u00a0 \u00a0 \u00a0ESSAI \u00a0 \u00a0 \u00a0 \u00a0 D &lsquo; \u00a0 INTERPRETATION ARGUMENT: \u00a0 \u00a0LE \u00a0 \u00a0D\u00c9SIR \u00a0 D&rsquo;UN \u00a0 \u00a0MAMMOUTH \u00a0 DE \u00a0 \u00a0REJOINDRE \u00a0 UN \u00a0 PINGOUIN \u00a0ET ET GAGNER LE CERCLE POLAIRE Si seulement je savais le pourquoi du voyage, ce que je cherche&#8230; Voir o\u00f9 cela nous m\u00e8ne. C&rsquo;\u00e9tait un &hellip; <\/p>\n<p class=\"link-more\"><a href=\"https:\/\/lefabuleuxvoyage.fr\/index.php\/accueil\/\" class=\"more-link\">Continuer la lecture<span class=\"screen-reader-text\"> de &laquo;&nbsp;Accueil&nbsp;&raquo;<\/span><\/a><\/p>\n","protected":false},"author":1,"featured_media":0,"parent":0,"menu_order":0,"comment_status":"closed","ping_status":"closed","template":"","meta":{"footnotes":""},"class_list":["post-207","page","type-page","status-publish","hentry"],"_links":{"self":[{"href":"https:\/\/lefabuleuxvoyage.fr\/index.php\/wp-json\/wp\/v2\/pages\/207","targetHints":{"allow":["GET"]}}],"collection":[{"href":"https:\/\/lefabuleuxvoyage.fr\/index.php\/wp-json\/wp\/v2\/pages"}],"about":[{"href":"https:\/\/lefabuleuxvoyage.fr\/index.php\/wp-json\/wp\/v2\/types\/page"}],"author":[{"embeddable":true,"href":"https:\/\/lefabuleuxvoyage.fr\/index.php\/wp-json\/wp\/v2\/users\/1"}],"replies":[{"embeddable":true,"href":"https:\/\/lefabuleuxvoyage.fr\/index.php\/wp-json\/wp\/v2\/comments?post=207"}],"version-history":[{"count":162,"href":"https:\/\/lefabuleuxvoyage.fr\/index.php\/wp-json\/wp\/v2\/pages\/207\/revisions"}],"predecessor-version":[{"id":814,"href":"https:\/\/lefabuleuxvoyage.fr\/index.php\/wp-json\/wp\/v2\/pages\/207\/revisions\/814"}],"wp:attachment":[{"href":"https:\/\/lefabuleuxvoyage.fr\/index.php\/wp-json\/wp\/v2\/media?parent=207"}],"curies":[{"name":"wp","href":"https:\/\/api.w.org\/{rel}","templated":true}]}}