{"id":311,"date":"2021-09-21T10:57:14","date_gmt":"2021-09-21T08:57:14","guid":{"rendered":"http:\/\/lefabuleuxvoyage.fr\/?page_id=311"},"modified":"2025-03-26T09:44:32","modified_gmt":"2025-03-26T08:44:32","slug":"notre-histoire","status":"publish","type":"page","link":"https:\/\/lefabuleuxvoyage.fr\/index.php\/notre-histoire\/","title":{"rendered":"Archives"},"content":{"rendered":"\n<figure class=\"wp-block-video\"><video height=\"360\" style=\"aspect-ratio: 640 \/ 360;\" width=\"640\" controls src=\"http:\/\/lefabuleuxvoyage.fr\/wp-content\/uploads\/2021\/11\/LFV-2013-2021-4K-SD-480p.mov\"><\/video><\/figure>\n\n\n\n<p>                                                                                       I<\/p>\n\n\n\n<p>Un jour, il y a des ann\u00e9es, quelqu&rsquo;un vint me trouver avec ces mots:  \u00ab\u00a0je voudrais te proposer de travailler autour du mammouth\u00a0\u00bb. Je ne dissimulerai pas ma surprise. Des mammouths, comme tout le monde, j&rsquo;avais entendu parler, mais j&rsquo;ignorais que l&rsquo;on p\u00fbt travailler dessus ou autour ou dessous. Comme chacun, ni plus ni moins j&rsquo;avais fr\u00e9quent\u00e9 l&rsquo;enseigne qui avait disparu dans les remous de la mondialisation.<\/p>\n\n\n\n<p>C&rsquo;est ainsi que les choses commenc\u00e8rent: une extraction. De plus, faible d&rsquo;esprit et pauvre, je r\u00e9siste rarement \u00e0 une proposition.<\/p>\n\n\n\n<p>Plonger dans la mine orf\u00e8vre des grottes d\u00fbment constat\u00e9e par le marquage g\u00e9ographique: Pech Merle dans le Lot. <\/p>\n\n\n\n<p>J&rsquo;habitais une petite maison dans un bourg voisin, nous d\u00e9jeun\u00e2mes dehors, sous un soleil de printemps. Il n&rsquo;y avait pas de nappe. Nous fix\u00e2mes l&rsquo;accord. Je remerciais de la venue et de  cette marque de confiance. Un d\u00e9fil\u00e9 \u00e9tait pr\u00e9vu au coeur du village, voil\u00e0 ce que de loin, je savais.<\/p>\n\n\n\n<p>Il y avait l\u00e0 cependant ce qui m&rsquo;avait toujours attir\u00e9, \u00e0 quoi j&rsquo;\u00e9tais li\u00e9, infiniment attach\u00e9 par des souvenirs d&rsquo;enfance certes, aussi par une maison d&rsquo;\u00e9clusier o\u00f9 nous projetions d&rsquo;installer avec une compagne, danseuse &#8211;  mais \u00e0 rebours &#8211; je crois que c&rsquo;\u00e9tait seulement moi &#8211; au premier \u00e9tage, un piano.<\/p>\n\n\n\n<p>Autant dire une racine.<\/p>\n\n\n\n<p>il y avait donc l\u00e0, majestueuse, une rivi\u00e8re. Beaucoup les enjambent par des ponts, ont des souvenirs de p\u00eache, sont familiers des joncs \u00e0 pointe brune, des arcs que dessinent des carnassiers en chasse ou du sillage ondulant, d\u00e9sesp\u00e9r\u00e9 des proies. Ici deux mondes se c\u00f4toient, existent en paix depuis des si\u00e8cles, deux mondes bien ordonn\u00e9s qui se font face: l&rsquo;un sur la rive, l&rsquo;autre sur et plus pr\u00e9cis\u00e9ment depuis l&rsquo;eau. La barque ou le jonc ne sont pas oppos\u00e9s. L&rsquo;une, fixe &#8211; apparement  dans le r\u00e9f\u00e9rentiel d&rsquo;un talus- voit passer, l&rsquo;autre &#8211; dans le r\u00e9f\u00e9rentiel du b\u00e2ti de planches- est mobile, glisse, port\u00e9 par le courant mat\u00e9riel des reliefs invisibles, ce que sur terre nous arpentons en soufflant et qui l\u00e0, lov\u00e9s sur la barque nous emm\u00e8ne. <\/p>\n\n\n\n<p>Parfois, un tronc retourn\u00e9 passe, ou une \u00e9pave, ou des gens qui poussent des cris en maillot de bain, pos\u00e9s sur le carquois d&rsquo;une p\u00e9nichette sans permis et nous toisent, faisant un geste minuscule, contraint, un salut amical comme s&rsquo;ils gagnaient le bout du monde et nous voyaient pour la derni\u00e8re fois, ce qui effectivement, sans risque,  \u00e9tait probable.<\/p>\n\n\n\n<p>Une rivi\u00e8re dissimule toutes ses perspectives. Pour en p\u00e9n\u00e9trer le r\u00e9seau, il faut assaillir la mati\u00e8re des falaises, l&rsquo;encours des villages clairsem\u00e9s, deviner les failles  et profondes o\u00f9 des noy\u00e9s invisibles, r\u00e9ellement disparus, sont pris au pi\u00e8ge. Ce trac\u00e9 du cours d&rsquo;eau, magique, \u00e9tincelant, abri des faunes les plus diverses qui nous semble \u00e9ternel, cependant creus\u00e9, form\u00e9 par le temps inconnu, mal per\u00e7u des g\u00e9ologies, en tous cas pour les non sp\u00e9cialistes. Non, nous qui n&rsquo;avons pas cette chance, \u00e0 la surface, dans les m\u00e9andres, sous la tige effil\u00e9 d&rsquo;un peuplier, nous vaguons, divaguons, sans prise, irresponsables, presque heureux sous le couvert des arbres, pos\u00e9s sur le ventre, les coudes soutenant le menton, attentifs \u00e0 ce torticolis du bonheur passager qui nous incite \u00e0 nous retourner vers l&rsquo;autre emprise, celle du ciel.<\/p>\n\n\n\n<p>Ainsi se construis\u00eet cette premi\u00e8re agrafe: celle de l&rsquo;eau et du mammouth de Pech Merle.<\/p>\n\n\n\n<p>                                                                                             II<\/p>\n\n\n\n<p> Cependant, il fallut, plus s\u00e9rieux recourir aux cascades.<\/p>\n","protected":false},"excerpt":{"rendered":"<p>I Un jour, il y a des ann\u00e9es, quelqu&rsquo;un vint me trouver avec ces mots: \u00ab\u00a0je voudrais te proposer de travailler autour du mammouth\u00a0\u00bb. Je ne dissimulerai pas ma surprise. Des mammouths, comme tout le monde, j&rsquo;avais entendu parler, mais j&rsquo;ignorais que l&rsquo;on p\u00fbt travailler dessus ou autour ou dessous. Comme chacun, ni plus ni &hellip; <\/p>\n<p class=\"link-more\"><a href=\"https:\/\/lefabuleuxvoyage.fr\/index.php\/notre-histoire\/\" class=\"more-link\">Continuer la lecture<span class=\"screen-reader-text\"> de &laquo;&nbsp;Archives&nbsp;&raquo;<\/span><\/a><\/p>\n","protected":false},"author":1,"featured_media":0,"parent":0,"menu_order":0,"comment_status":"closed","ping_status":"closed","template":"","meta":{"footnotes":""},"class_list":["post-311","page","type-page","status-publish","hentry"],"_links":{"self":[{"href":"https:\/\/lefabuleuxvoyage.fr\/index.php\/wp-json\/wp\/v2\/pages\/311","targetHints":{"allow":["GET"]}}],"collection":[{"href":"https:\/\/lefabuleuxvoyage.fr\/index.php\/wp-json\/wp\/v2\/pages"}],"about":[{"href":"https:\/\/lefabuleuxvoyage.fr\/index.php\/wp-json\/wp\/v2\/types\/page"}],"author":[{"embeddable":true,"href":"https:\/\/lefabuleuxvoyage.fr\/index.php\/wp-json\/wp\/v2\/users\/1"}],"replies":[{"embeddable":true,"href":"https:\/\/lefabuleuxvoyage.fr\/index.php\/wp-json\/wp\/v2\/comments?post=311"}],"version-history":[{"count":21,"href":"https:\/\/lefabuleuxvoyage.fr\/index.php\/wp-json\/wp\/v2\/pages\/311\/revisions"}],"predecessor-version":[{"id":1077,"href":"https:\/\/lefabuleuxvoyage.fr\/index.php\/wp-json\/wp\/v2\/pages\/311\/revisions\/1077"}],"wp:attachment":[{"href":"https:\/\/lefabuleuxvoyage.fr\/index.php\/wp-json\/wp\/v2\/media?parent=311"}],"curies":[{"name":"wp","href":"https:\/\/api.w.org\/{rel}","templated":true}]}}